{"id":3,"date":"2023-01-20T03:34:52","date_gmt":"2023-01-20T03:34:52","guid":{"rendered":"https:\/\/hakali.fi\/?page_id=3"},"modified":"2025-10-08T11:50:28","modified_gmt":"2025-10-08T11:50:28","slug":"tietosuojaseloste","status":"publish","type":"page","link":"https:\/\/hakali.fi\/en\/tietosuojaseloste\/","title":{"rendered":"Privacy Policy"},"content":{"rendered":"<div data-elementor-type=\"wp-page\" data-elementor-id=\"3\" class=\"elementor elementor-3\">\n\t\t\t\t\t\t<section class=\"elementor-section elementor-top-section elementor-element elementor-element-25974946 elementor-section-boxed elementor-section-height-default elementor-section-height-default\" data-id=\"25974946\" data-element_type=\"section\" data-e-type=\"section\">\n\t\t\t\t\t\t<div class=\"elementor-container elementor-column-gap-default\">\n\t\t\t\t\t<div class=\"elementor-column elementor-col-100 elementor-top-column elementor-element elementor-element-68d105f5\" data-id=\"68d105f5\" data-element_type=\"column\" data-e-type=\"column\">\n\t\t\t<div class=\"elementor-widget-wrap elementor-element-populated\">\n\t\t\t\t\t\t<div class=\"elementor-element elementor-element-6788287a elementor-widget elementor-widget-text-editor\" data-id=\"6788287a\" data-element_type=\"widget\" data-e-type=\"widget\" data-widget_type=\"text-editor.default\">\n\t\t\t\t<div class=\"elementor-widget-container\">\n\t\t\t\t\t\t\t\t\t<p><\/p>\n<p><span style=\"color: #ffffff;\">Laatimisp\u00e4iv\u00e4 8.10.2025<\/span><\/p>\n<p><span style=\"color: #ffffff;\"><\/span><\/p>\n<p><span style=\"color: #ffffff;\"><strong>Rekisterinpit\u00e4j\u00e4:<\/strong><\/span><\/p>\n<p><span style=\"color: #ffffff;\"><\/span><\/p>\n<p><span style=\"color: #ffffff;\">Hakali Pro Oy<\/span><\/p>\n<p><span style=\"color: #ffffff;\"><\/span><\/p>\n<p><span style=\"color: #ffffff;\">Y-tunnus 3529390-7<\/span><\/p>\n<p><span style=\"color: #ffffff;\"><\/span><\/p>\n<p><span style=\"color: #ffffff;\">hakalipro.oy(at)gmail.com<\/span><\/p>\n<p><span style=\"color: #ffffff;\"><\/span><\/p>\n<p><span style=\"color: #ffffff;\">Tietosuojavastaava: Kimmo Laakkonen (hakalipro.oy(at)gmail.com)<\/span><\/p>\n<p><span style=\"color: #ffffff;\"><\/span><\/p>\n<p><span style=\"color: #ffffff;\"><strong>Rekisterin tarkoitus<\/strong><\/span><\/p>\n<p><span style=\"color: #ffffff;\"><\/span><\/p>\n<p><span style=\"color: #ffffff;\">Asiakkaiden tietoja ker\u00e4t\u00e4\u00e4n, k\u00e4sitell\u00e4\u00e4n ja s\u00e4ilytet\u00e4\u00e4n asiakkuuksien yll\u00e4pitoon ja laskuttamistarkoituksiin. Palvelujen kohdentamiseen, tarjoamiseen ja toimittamiseen sek\u00e4 kirjanpitoa ja verotusta varten.<\/span><\/p>\n<p><span style=\"color: #ffffff;\"><\/span><\/p>\n<p><span style=\"color: #ffffff;\"><strong>Henkil\u00f6tietojen k\u00e4sittelyn tarkoitus<\/strong><\/span><\/p>\n<p><span style=\"color: #ffffff;\"><\/span><\/p>\n<p><span style=\"color: #ffffff;\">Henkil\u00f6tietoja k\u00e4sitell\u00e4\u00e4n lain edellytt\u00e4min perustein. Rekisterin p\u00e4\u00e4asiallinen tarkoitus on yhteydenpito olemassa olevien asiakkaiden tai yhteisty\u00f6kumppaneiden kanssa. Asiakkaille voidaan l\u00e4hett\u00e4\u00e4 satunnaisesti my\u00f6s tiedotteita, kohdennettua markkinointia tai tarjota palveluita. Henkil\u00f6tietoja voidaan k\u00e4sitell\u00e4 my\u00f6s oikeudellisten velvoitteiden t\u00e4ytt\u00e4miseksi tai sopimuksen tekoa valmistelevien toimien takia.<\/span><\/p>\n<p><span style=\"color: #ffffff;\"><\/span><\/p>\n<p><span style=\"color: #ffffff;\"><strong>Rekisterin tietosis\u00e4lt\u00f6<\/strong><\/span><\/p>\n<p><span style=\"color: #ffffff;\"><\/span><\/p>\n<p><span style=\"color: #ffffff;\">Ker\u00e4\u00e4mme rekisteriimme seuraavat tiedot asiakkaistamme: etunimi, sukunimi, yrityksen nimi, yhteyshenkil\u00f6, yrityksen y-tunnus, osoite, puhelinnumero ja s\u00e4hk\u00f6postiosoite.<\/span><\/p>\n<p><span style=\"color: #ffffff;\"><\/span><\/p>\n<p><span style=\"color: #ffffff;\"><strong>Tietol\u00e4hteet<\/strong><\/span><\/p>\n<p><span style=\"color: #ffffff;\"><\/span><\/p>\n<p><span style=\"color: #ffffff;\">Tiedot hankitaan asiakkaalta suoraan. Ker\u00e4\u00e4mme tietoa my\u00f6s kotisivuilla olevan yhteydenottolomakkeen kautta, sek\u00e4 seuraamme sivustomme analytiikkaa liittyen verkkosivuston k\u00e4ytt\u00f6\u00f6n. Saatamme ker\u00e4t\u00e4 tarvittavia tietoja my\u00f6s julkisista l\u00e4hteist\u00e4 ja rekistereist\u00e4.<\/span><\/p>\n<p><span style=\"color: #ffffff;\"><\/span><\/p>\n<p><span style=\"color: #ffffff;\"><strong>Tietojen luovutus ja k\u00e4sittelij\u00e4t<\/strong><\/span><\/p>\n<p><span style=\"color: #ffffff;\"><\/span><\/p>\n<p><span style=\"color: #ffffff;\">Henkil\u00f6tietoja ei luovuteta eteenp\u00e4in kolmansille osapuolille eik\u00e4 Euroopan talousalueen ulkopuolelle. K\u00e4sittelemme kaikkia tietoja luottamuksellisesti ja tietoturvallisesti. Henkil\u00f6tietoja k\u00e4sittelev\u00e4t ainoastaan yrityksess\u00e4mme ty\u00f6skentelev\u00e4t henkil\u00f6t, ty\u00f6teht\u00e4viins\u00e4 liittyen.<\/span><\/p>\n<p><span style=\"color: #ffffff;\"><\/span><\/p>\n<p><span style=\"color: #ffffff;\"><strong>Tietojen suojaus ja s\u00e4ilytys<\/strong><\/span><\/p>\n<p><span style=\"color: #ffffff;\"><\/span><\/p>\n<p><span style=\"color: #ffffff;\">Asiakastietoihin on p\u00e4\u00e4sy ainoastaan yrityksen ty\u00f6ntekij\u00f6ill\u00e4, jotka tietoja oleellisesti ty\u00f6ss\u00e4\u00e4n tarvitsevat. Tietoja pidet\u00e4\u00e4n ja k\u00e4sitell\u00e4\u00e4n luottamuksellisina. Tiedot on suojattu palomuurein, k\u00e4ytt\u00e4j\u00e4kohtaisin tunnuksin ja k\u00e4ytt\u00f6oikeuksin, sek\u00e4 salasanoin. Laskutustietoja v\u00e4litet\u00e4\u00e4n kirjanpit\u00e4j\u00e4lle, jolta edellytet\u00e4\u00e4n kirjallisin sopimuksin tietojen luottamuksellista k\u00e4sittely\u00e4 ja suojaamista.<\/span><\/p>\n<p><span style=\"color: #ffffff;\"><\/span><\/p>\n<p><span style=\"color: #ffffff;\"><strong>Tarkastusoikeus<\/strong><\/span><\/p>\n<p><span style=\"color: #ffffff;\"><\/span><\/p>\n<p><span style=\"color: #ffffff;\">Asiakkaalla on oikeus halutessaan saada n\u00e4ht\u00e4v\u00e4ksi rekisteriin merkityt henkil\u00f6tiedot. Tietoja voi muuttaa tai poistaa pyynn\u00f6st\u00e4. Pyynn\u00f6t voidaan osoittaa s\u00e4hk\u00f6postitse osoitteeseen: hakalipro.oy(at)gmail.com<\/span><\/p>\n<p><span style=\"color: #ffffff;\"><\/span><\/p>\n<p><span style=\"color: #ffffff;\"><strong>Ev\u00e4steet (cookies)<\/strong><\/span><\/p>\n<p><span style=\"color: #ffffff;\"><\/span><\/p>\n<p><span style=\"color: #ffffff;\">Ev\u00e4stetietoja ker\u00e4t\u00e4\u00e4n parantamaan sivuston toimivuutta ja k\u00e4ytett\u00e4vyytt\u00e4. Ev\u00e4steet eiv\u00e4t sis\u00e4ll\u00e4 henkil\u00f6tietoja eik\u00e4 niiden avulla voida suorittaa ohjelmia tai tallentaa viruksia k\u00e4ytt\u00e4j\u00e4n tietokoneelle. Ev\u00e4steet on mahdollista ottaa pois k\u00e4yt\u00f6st\u00e4, t\u00e4ll\u00f6in kuitenkaan v\u00e4ltt\u00e4m\u00e4tt\u00e4 kaikki verkkopalveluiden toiminnat eiv\u00e4t toimi normaalisti.<\/span><\/p>\n<p><\/p>\t\t\t\t\t\t\t\t<\/div>\n\t\t\t\t<\/div>\n\t\t\t\t\t<\/div>\n\t\t<\/div>\n\t\t\t\t\t<\/div>\n\t\t<\/section>\n\t\t\t\t<\/div>","protected":false},"excerpt":{"rendered":"<p>Laatimisp\u00e4iv\u00e4 8.10.2025 Rekisterinpit\u00e4j\u00e4: Hakali Pro Oy Y-tunnus 3529390-7 hakalipro.oy(at)gmail.com Tietosuojavastaava: Kimmo Laakkonen (hakalipro.oy(at)gmail.com) Rekisterin tarkoitus Asiakkaiden tietoja ker\u00e4t\u00e4\u00e4n, k\u00e4sitell\u00e4\u00e4n ja s\u00e4ilytet\u00e4\u00e4n asiakkuuksien yll\u00e4pitoon ja laskuttamistarkoituksiin. Palvelujen kohdentamiseen, tarjoamiseen ja toimittamiseen sek\u00e4 kirjanpitoa ja verotusta varten. Henkil\u00f6tietojen k\u00e4sittelyn tarkoitus Henkil\u00f6tietoja k\u00e4sitell\u00e4\u00e4n lain edellytt\u00e4min perustein. Rekisterin p\u00e4\u00e4asiallinen tarkoitus on yhteydenpito olemassa olevien asiakkaiden tai yhteisty\u00f6kumppaneiden kanssa. Asiakkaille [&hellip;]<\/p>\n","protected":false},"author":1,"featured_media":0,"parent":0,"menu_order":0,"comment_status":"closed","ping_status":"open","template":"","meta":{"site-sidebar-layout":"default","site-content-layout":"","ast-site-content-layout":"default","site-content-style":"default","site-sidebar-style":"default","ast-global-header-display":"","ast-banner-title-visibility":"","ast-main-header-display":"","ast-hfb-above-header-display":"","ast-hfb-below-header-display":"","ast-hfb-mobile-header-display":"","site-post-title":"","ast-breadcrumbs-content":"","ast-featured-img":"","footer-sml-layout":"","ast-disable-related-posts":"","theme-transparent-header-meta":"","adv-header-id-meta":"","stick-header-meta":"","header-above-stick-meta":"","header-main-stick-meta":"","header-below-stick-meta":"","astra-migrate-meta-layouts":"set","ast-page-background-enabled":"default","ast-page-background-meta":{"desktop":{"background-color":"var(--ast-global-color-4)","background-image":"","background-repeat":"repeat","background-position":"center center","background-size":"auto","background-attachment":"scroll","background-type":"","background-media":"","overlay-type":"","overlay-color":"","overlay-opacity":"","overlay-gradient":""},"tablet":{"background-color":"","background-image":"","background-repeat":"repeat","background-position":"center center","background-size":"auto","background-attachment":"scroll","background-type":"","background-media":"","overlay-type":"","overlay-color":"","overlay-opacity":"","overlay-gradient":""},"mobile":{"background-color":"","background-image":"","background-repeat":"repeat","background-position":"center center","background-size":"auto","background-attachment":"scroll","background-type":"","background-media":"","overlay-type":"","overlay-color":"","overlay-opacity":"","overlay-gradient":""}},"ast-content-background-meta":{"desktop":{"background-color":"var(--ast-global-color-5)","background-image":"","background-repeat":"repeat","background-position":"center center","background-size":"auto","background-attachment":"scroll","background-type":"","background-media":"","overlay-type":"","overlay-color":"","overlay-opacity":"","overlay-gradient":""},"tablet":{"background-color":"var(--ast-global-color-5)","background-image":"","background-repeat":"repeat","background-position":"center center","background-size":"auto","background-attachment":"scroll","background-type":"","background-media":"","overlay-type":"","overlay-color":"","overlay-opacity":"","overlay-gradient":""},"mobile":{"background-color":"var(--ast-global-color-5)","background-image":"","background-repeat":"repeat","background-position":"center center","background-size":"auto","background-attachment":"scroll","background-type":"","background-media":"","overlay-type":"","overlay-color":"","overlay-opacity":"","overlay-gradient":""}},"footnotes":""},"class_list":["post-3","page","type-page","status-publish","hentry"],"yoast_head":"<!-- This site is optimized with the Yoast SEO plugin v27.5 - https:\/\/yoast.com\/product\/yoast-seo-wordpress\/ -->\n<title>Tietosuojaseloste -<\/title>\n<meta name=\"robots\" content=\"index, follow, max-snippet:-1, max-image-preview:large, max-video-preview:-1\" \/>\n<link rel=\"canonical\" href=\"https:\/\/hakali.fi\/en\/tietosuojaseloste\/\" \/>\n<meta property=\"og:locale\" content=\"en_US\" \/>\n<meta property=\"og:type\" content=\"article\" \/>\n<meta property=\"og:title\" content=\"Tietosuojaseloste -\" \/>\n<meta property=\"og:description\" content=\"Laatimisp\u00e4iv\u00e4 8.10.2025 Rekisterinpit\u00e4j\u00e4: Hakali Pro Oy Y-tunnus 3529390-7 hakalipro.oy(at)gmail.com Tietosuojavastaava: Kimmo Laakkonen (hakalipro.oy(at)gmail.com) Rekisterin tarkoitus Asiakkaiden tietoja ker\u00e4t\u00e4\u00e4n, k\u00e4sitell\u00e4\u00e4n ja s\u00e4ilytet\u00e4\u00e4n asiakkuuksien yll\u00e4pitoon ja laskuttamistarkoituksiin. Palvelujen kohdentamiseen, tarjoamiseen ja toimittamiseen sek\u00e4 kirjanpitoa ja verotusta varten. Henkil\u00f6tietojen k\u00e4sittelyn tarkoitus Henkil\u00f6tietoja k\u00e4sitell\u00e4\u00e4n lain edellytt\u00e4min perustein. Rekisterin p\u00e4\u00e4asiallinen tarkoitus on yhteydenpito olemassa olevien asiakkaiden tai yhteisty\u00f6kumppaneiden kanssa. Asiakkaille [&hellip;]\" \/>\n<meta property=\"og:url\" content=\"https:\/\/hakali.fi\/en\/tietosuojaseloste\/\" \/>\n<meta property=\"article:publisher\" content=\"https:\/\/www.facebook.com\/profile.php?id=61576776578897\" \/>\n<meta property=\"article:modified_time\" content=\"2025-10-08T11:50:28+00:00\" \/>\n<meta name=\"twitter:card\" content=\"summary_large_image\" \/>\n<meta name=\"twitter:label1\" content=\"Est. reading time\" \/>\n\t<meta name=\"twitter:data1\" content=\"2 minutes\" \/>\n<script type=\"application\/ld+json\" class=\"yoast-schema-graph\">{\"@context\":\"https:\\\/\\\/schema.org\",\"@graph\":[{\"@type\":\"WebPage\",\"@id\":\"https:\\\/\\\/hakali.fi\\\/tietosuojaseloste\\\/\",\"url\":\"https:\\\/\\\/hakali.fi\\\/tietosuojaseloste\\\/\",\"name\":\"Tietosuojaseloste -\",\"isPartOf\":{\"@id\":\"https:\\\/\\\/hakali.fi\\\/#website\"},\"datePublished\":\"2023-01-20T03:34:52+00:00\",\"dateModified\":\"2025-10-08T11:50:28+00:00\",\"breadcrumb\":{\"@id\":\"https:\\\/\\\/hakali.fi\\\/tietosuojaseloste\\\/#breadcrumb\"},\"inLanguage\":\"en-US\",\"potentialAction\":[{\"@type\":\"ReadAction\",\"target\":[\"https:\\\/\\\/hakali.fi\\\/tietosuojaseloste\\\/\"]}]},{\"@type\":\"BreadcrumbList\",\"@id\":\"https:\\\/\\\/hakali.fi\\\/tietosuojaseloste\\\/#breadcrumb\",\"itemListElement\":[{\"@type\":\"ListItem\",\"position\":1,\"name\":\"Etusivu\",\"item\":\"https:\\\/\\\/hakali.fi\\\/\"},{\"@type\":\"ListItem\",\"position\":2,\"name\":\"Tietosuojaseloste\"}]},{\"@type\":\"WebSite\",\"@id\":\"https:\\\/\\\/hakali.fi\\\/#website\",\"url\":\"https:\\\/\\\/hakali.fi\\\/\",\"name\":\"Hakali Pro\",\"description\":\"Professional hockey sticks by Hakali\",\"publisher\":{\"@id\":\"https:\\\/\\\/hakali.fi\\\/#organization\"},\"potentialAction\":[{\"@type\":\"SearchAction\",\"target\":{\"@type\":\"EntryPoint\",\"urlTemplate\":\"https:\\\/\\\/hakali.fi\\\/?s={search_term_string}\"},\"query-input\":{\"@type\":\"PropertyValueSpecification\",\"valueRequired\":true,\"valueName\":\"search_term_string\"}}],\"inLanguage\":\"en-US\"},{\"@type\":\"Organization\",\"@id\":\"https:\\\/\\\/hakali.fi\\\/#organization\",\"name\":\"Hakali Pro\",\"url\":\"https:\\\/\\\/hakali.fi\\\/\",\"logo\":{\"@type\":\"ImageObject\",\"inLanguage\":\"en-US\",\"@id\":\"https:\\\/\\\/hakali.fi\\\/#\\\/schema\\\/logo\\\/image\\\/\",\"url\":\"https:\\\/\\\/hakali.fi\\\/wp-content\\\/uploads\\\/2025\\\/05\\\/cropped-HAKALI_1_ylla-uusi-punane_-1-1.webp\",\"contentUrl\":\"https:\\\/\\\/hakali.fi\\\/wp-content\\\/uploads\\\/2025\\\/05\\\/cropped-HAKALI_1_ylla-uusi-punane_-1-1.webp\",\"width\":2372,\"height\":391,\"caption\":\"Hakali Pro\"},\"image\":{\"@id\":\"https:\\\/\\\/hakali.fi\\\/#\\\/schema\\\/logo\\\/image\\\/\"},\"sameAs\":[\"https:\\\/\\\/www.facebook.com\\\/profile.php?id=61576776578897\"]}]}<\/script>\n<!-- \/ Yoast SEO plugin. -->","yoast_head_json":{"title":"Tietosuojaseloste -","robots":{"index":"index","follow":"follow","max-snippet":"max-snippet:-1","max-image-preview":"max-image-preview:large","max-video-preview":"max-video-preview:-1"},"canonical":"https:\/\/hakali.fi\/en\/tietosuojaseloste\/","og_locale":"en_US","og_type":"article","og_title":"Tietosuojaseloste -","og_description":"Laatimisp\u00e4iv\u00e4 8.10.2025 Rekisterinpit\u00e4j\u00e4: Hakali Pro Oy Y-tunnus 3529390-7 hakalipro.oy(at)gmail.com Tietosuojavastaava: Kimmo Laakkonen (hakalipro.oy(at)gmail.com) Rekisterin tarkoitus Asiakkaiden tietoja ker\u00e4t\u00e4\u00e4n, k\u00e4sitell\u00e4\u00e4n ja s\u00e4ilytet\u00e4\u00e4n asiakkuuksien yll\u00e4pitoon ja laskuttamistarkoituksiin. Palvelujen kohdentamiseen, tarjoamiseen ja toimittamiseen sek\u00e4 kirjanpitoa ja verotusta varten. Henkil\u00f6tietojen k\u00e4sittelyn tarkoitus Henkil\u00f6tietoja k\u00e4sitell\u00e4\u00e4n lain edellytt\u00e4min perustein. Rekisterin p\u00e4\u00e4asiallinen tarkoitus on yhteydenpito olemassa olevien asiakkaiden tai yhteisty\u00f6kumppaneiden kanssa. Asiakkaille [&hellip;]","og_url":"https:\/\/hakali.fi\/en\/tietosuojaseloste\/","article_publisher":"https:\/\/www.facebook.com\/profile.php?id=61576776578897","article_modified_time":"2025-10-08T11:50:28+00:00","twitter_card":"summary_large_image","twitter_misc":{"Est. reading time":"2 minutes"},"schema":{"@context":"https:\/\/schema.org","@graph":[{"@type":"WebPage","@id":"https:\/\/hakali.fi\/tietosuojaseloste\/","url":"https:\/\/hakali.fi\/tietosuojaseloste\/","name":"Tietosuojaseloste -","isPartOf":{"@id":"https:\/\/hakali.fi\/#website"},"datePublished":"2023-01-20T03:34:52+00:00","dateModified":"2025-10-08T11:50:28+00:00","breadcrumb":{"@id":"https:\/\/hakali.fi\/tietosuojaseloste\/#breadcrumb"},"inLanguage":"en-US","potentialAction":[{"@type":"ReadAction","target":["https:\/\/hakali.fi\/tietosuojaseloste\/"]}]},{"@type":"BreadcrumbList","@id":"https:\/\/hakali.fi\/tietosuojaseloste\/#breadcrumb","itemListElement":[{"@type":"ListItem","position":1,"name":"Etusivu","item":"https:\/\/hakali.fi\/"},{"@type":"ListItem","position":2,"name":"Tietosuojaseloste"}]},{"@type":"WebSite","@id":"https:\/\/hakali.fi\/#website","url":"https:\/\/hakali.fi\/","name":"Hakali Pro","description":"Professional hockey sticks by Hakali","publisher":{"@id":"https:\/\/hakali.fi\/#organization"},"potentialAction":[{"@type":"SearchAction","target":{"@type":"EntryPoint","urlTemplate":"https:\/\/hakali.fi\/?s={search_term_string}"},"query-input":{"@type":"PropertyValueSpecification","valueRequired":true,"valueName":"search_term_string"}}],"inLanguage":"en-US"},{"@type":"Organization","@id":"https:\/\/hakali.fi\/#organization","name":"Hakali Pro","url":"https:\/\/hakali.fi\/","logo":{"@type":"ImageObject","inLanguage":"en-US","@id":"https:\/\/hakali.fi\/#\/schema\/logo\/image\/","url":"https:\/\/hakali.fi\/wp-content\/uploads\/2025\/05\/cropped-HAKALI_1_ylla-uusi-punane_-1-1.webp","contentUrl":"https:\/\/hakali.fi\/wp-content\/uploads\/2025\/05\/cropped-HAKALI_1_ylla-uusi-punane_-1-1.webp","width":2372,"height":391,"caption":"Hakali Pro"},"image":{"@id":"https:\/\/hakali.fi\/#\/schema\/logo\/image\/"},"sameAs":["https:\/\/www.facebook.com\/profile.php?id=61576776578897"]}]}},"_links":{"self":[{"href":"https:\/\/hakali.fi\/en\/wp-json\/wp\/v2\/pages\/3","targetHints":{"allow":["GET"]}}],"collection":[{"href":"https:\/\/hakali.fi\/en\/wp-json\/wp\/v2\/pages"}],"about":[{"href":"https:\/\/hakali.fi\/en\/wp-json\/wp\/v2\/types\/page"}],"author":[{"embeddable":true,"href":"https:\/\/hakali.fi\/en\/wp-json\/wp\/v2\/users\/1"}],"replies":[{"embeddable":true,"href":"https:\/\/hakali.fi\/en\/wp-json\/wp\/v2\/comments?post=3"}],"version-history":[{"count":4,"href":"https:\/\/hakali.fi\/en\/wp-json\/wp\/v2\/pages\/3\/revisions"}],"predecessor-version":[{"id":2291,"href":"https:\/\/hakali.fi\/en\/wp-json\/wp\/v2\/pages\/3\/revisions\/2291"}],"wp:attachment":[{"href":"https:\/\/hakali.fi\/en\/wp-json\/wp\/v2\/media?parent=3"}],"curies":[{"name":"wp","href":"https:\/\/api.w.org\/{rel}","templated":true}]}}