{"id":688,"date":"2025-07-07T07:59:41","date_gmt":"2025-07-07T07:59:41","guid":{"rendered":"https:\/\/hakali.fi\/?page_id=688"},"modified":"2025-09-20T04:14:39","modified_gmt":"2025-09-20T04:14:39","slug":"takuu","status":"publish","type":"page","link":"https:\/\/hakali.fi\/en\/takuu\/","title":{"rendered":"Warranty"},"content":{"rendered":"<div data-elementor-type=\"wp-page\" data-elementor-id=\"688\" class=\"elementor elementor-688\">\n\t\t\t\t\t\t<section class=\"elementor-section elementor-top-section elementor-element elementor-element-9badb7a elementor-section-boxed elementor-section-height-default elementor-section-height-default\" data-id=\"9badb7a\" data-element_type=\"section\" data-e-type=\"section\">\n\t\t\t\t\t\t<div class=\"elementor-container elementor-column-gap-default\">\n\t\t\t\t\t<div class=\"elementor-column elementor-col-100 elementor-top-column elementor-element elementor-element-b44acb9\" data-id=\"b44acb9\" data-element_type=\"column\" data-e-type=\"column\">\n\t\t\t<div class=\"elementor-widget-wrap elementor-element-populated\">\n\t\t\t\t\t\t<div class=\"elementor-element elementor-element-b3f379b elementor-widget elementor-widget-heading\" data-id=\"b3f379b\" data-element_type=\"widget\" data-e-type=\"widget\" data-widget_type=\"heading.default\">\n\t\t\t\t<div class=\"elementor-widget-container\">\n\t\t\t\t\t<h1 class=\"elementor-heading-title elementor-size-default\">Warranty <\/h1>\t\t\t\t<\/div>\n\t\t\t\t<\/div>\n\t\t\t\t\t<\/div>\n\t\t<\/div>\n\t\t\t\t\t<\/div>\n\t\t<\/section>\n\t\t\t\t<section class=\"elementor-section elementor-top-section elementor-element elementor-element-2aa6ae1 elementor-section-boxed elementor-section-height-default elementor-section-height-default\" data-id=\"2aa6ae1\" data-element_type=\"section\" data-e-type=\"section\">\n\t\t\t\t\t\t<div class=\"elementor-container elementor-column-gap-default\">\n\t\t\t\t\t<div class=\"elementor-column elementor-col-100 elementor-top-column elementor-element elementor-element-6e38bce\" data-id=\"6e38bce\" data-element_type=\"column\" data-e-type=\"column\">\n\t\t\t<div class=\"elementor-widget-wrap elementor-element-populated\">\n\t\t\t\t\t\t<div class=\"elementor-element elementor-element-a43f434 elementor-widget elementor-widget-heading\" data-id=\"a43f434\" data-element_type=\"widget\" data-e-type=\"widget\" data-widget_type=\"heading.default\">\n\t\t\t\t<div class=\"elementor-widget-container\">\n\t\t\t\t\t<h2 class=\"elementor-heading-title elementor-size-default\">Hakali Pro sticks warranty and return policy<\/h2>\t\t\t\t<\/div>\n\t\t\t\t<\/div>\n\t\t\t\t\t<\/div>\n\t\t<\/div>\n\t\t\t\t\t<\/div>\n\t\t<\/section>\n\t\t\t\t<section class=\"elementor-section elementor-top-section elementor-element elementor-element-e88d599 elementor-section-boxed elementor-section-height-default elementor-section-height-default\" data-id=\"e88d599\" data-element_type=\"section\" data-e-type=\"section\">\n\t\t\t\t\t\t<div class=\"elementor-container elementor-column-gap-default\">\n\t\t\t\t\t<div class=\"elementor-column elementor-col-100 elementor-top-column elementor-element elementor-element-a61f3c3\" data-id=\"a61f3c3\" data-element_type=\"column\" data-e-type=\"column\">\n\t\t\t<div class=\"elementor-widget-wrap elementor-element-populated\">\n\t\t\t\t\t\t<div class=\"elementor-element elementor-element-07ecdc3 elementor-widget elementor-widget-text-editor\" data-id=\"07ecdc3\" data-element_type=\"widget\" data-e-type=\"widget\" data-widget_type=\"text-editor.default\">\n\t\t\t\t<div class=\"elementor-widget-container\">\n\t\t\t\t\t\t\t\t\t<p>Hakali Pro sticks come with a 14-day warranty starting from the date of purchase.<\/p><p>Warranty cases are always assessed on a case-by-case basis together with the factory.<br \/>As a general rule, we repair broken sticks. If the stick cannot be repaired to a usable condition, we will deliver a new stick to the customer. If the same model is not in stock, we will offer a similar replacement or issue a refund.<br \/>The customer is responsible for any shipping costs related to warranty processing. The stick can be replaced once per purchase.<br \/>The warranty does not cover stick breakage if:<\/p><ul><li>the damage has been caused by an external impact (e.g. hitting a post)<\/li><li>a shot has been blocked with the stick<\/li><li>there are skate cuts at the point of breakage<\/li><li>the stick has been used for something other than playing<\/li><li>the stick has already been replaced under warranty once<\/li><\/ul><p>For warranty matters, we kindly ask you to provide:<\/p><ul><li>at least three clear photos of the damage<ul><li>one of the photos must be a cross-sectional image<\/li><\/ul><\/li><li>a photo of the stick shaft\u2019s serial number<\/li><li>receipt of purchase<\/li><li>a short description of the situation in which the stick broke<\/li><li>an estimate of the stick\u2019s hours of use<\/li><\/ul><p>Send the information by email to: hakalipro.oy@gmail.com<br \/>Stock products have a 14-day right of return in accordance with consumer protection law, provided the product is unused and in its original packaging. A \u20ac14 handling fee will be deducted from the refund. Shipping costs are non-refundable.<br \/>Customized and made-to-order products have no exchange or return right.<\/p>\t\t\t\t\t\t\t\t<\/div>\n\t\t\t\t<\/div>\n\t\t\t\t\t<\/div>\n\t\t<\/div>\n\t\t\t\t\t<\/div>\n\t\t<\/section>\n\t\t\t\t<\/div>","protected":false},"excerpt":{"rendered":"<p>Takuu Hakali Pro -mailojen takuu ja palautusehdot Hakali Pro -mailoilla on 14 vuorokauden takuu ostop\u00e4iv\u00e4st\u00e4 alkaen. Takuutilanteet arvioimme aina tapauskohtaisesti yhdess\u00e4 tehtaan kanssa.L\u00e4ht\u00f6kohtaisesti korjaamme rikkoutuneen mailan. Mik\u00e4li mailaa ei voida korjata k\u00e4ytt\u00f6kelpoiseksi, toimitamme asiakkaalle uuden mailan. Jos samaa mallia ei ole varastossa, tarjoamme vastaavan tilalle tai palautamme maksun.Asiakas vastaa mahdollisista postikuluista takuun k\u00e4sittelyss\u00e4. Maila voidaan [&hellip;]<\/p>\n","protected":false},"author":5,"featured_media":0,"parent":0,"menu_order":0,"comment_status":"closed","ping_status":"closed","template":"","meta":{"site-sidebar-layout":"no-sidebar","site-content-layout":"page-builder","ast-site-content-layout":"full-width-container","site-content-style":"default","site-sidebar-style":"default","ast-global-header-display":"","ast-banner-title-visibility":"","ast-main-header-display":"","ast-hfb-above-header-display":"","ast-hfb-below-header-display":"","ast-hfb-mobile-header-display":"","site-post-title":"disabled","ast-breadcrumbs-content":"","ast-featured-img":"disabled","footer-sml-layout":"","ast-disable-related-posts":"","theme-transparent-header-meta":"","adv-header-id-meta":"","stick-header-meta":"","header-above-stick-meta":"","header-main-stick-meta":"","header-below-stick-meta":"","astra-migrate-meta-layouts":"set","ast-page-background-enabled":"default","ast-page-background-meta":{"desktop":{"background-color":"var(--ast-global-color-4)","background-image":"","background-repeat":"repeat","background-position":"center center","background-size":"auto","background-attachment":"scroll","background-type":"","background-media":"","overlay-type":"","overlay-color":"","overlay-opacity":"","overlay-gradient":""},"tablet":{"background-color":"","background-image":"","background-repeat":"repeat","background-position":"center center","background-size":"auto","background-attachment":"scroll","background-type":"","background-media":"","overlay-type":"","overlay-color":"","overlay-opacity":"","overlay-gradient":""},"mobile":{"background-color":"","background-image":"","background-repeat":"repeat","background-position":"center center","background-size":"auto","background-attachment":"scroll","background-type":"","background-media":"","overlay-type":"","overlay-color":"","overlay-opacity":"","overlay-gradient":""}},"ast-content-background-meta":{"desktop":{"background-color":"var(--ast-global-color-5)","background-image":"","background-repeat":"repeat","background-position":"center center","background-size":"auto","background-attachment":"scroll","background-type":"","background-media":"","overlay-type":"","overlay-color":"","overlay-opacity":"","overlay-gradient":""},"tablet":{"background-color":"var(--ast-global-color-5)","background-image":"","background-repeat":"repeat","background-position":"center center","background-size":"auto","background-attachment":"scroll","background-type":"","background-media":"","overlay-type":"","overlay-color":"","overlay-opacity":"","overlay-gradient":""},"mobile":{"background-color":"var(--ast-global-color-5)","background-image":"","background-repeat":"repeat","background-position":"center center","background-size":"auto","background-attachment":"scroll","background-type":"","background-media":"","overlay-type":"","overlay-color":"","overlay-opacity":"","overlay-gradient":""}},"footnotes":""},"class_list":["post-688","page","type-page","status-publish","hentry"],"yoast_head":"<!-- This site is optimized with the Yoast SEO plugin v27.5 - https:\/\/yoast.com\/product\/yoast-seo-wordpress\/ -->\n<title>Takuu -<\/title>\n<meta name=\"robots\" content=\"index, follow, max-snippet:-1, max-image-preview:large, max-video-preview:-1\" \/>\n<link rel=\"canonical\" href=\"https:\/\/hakali.fi\/en\/takuu\/\" \/>\n<meta property=\"og:locale\" content=\"en_US\" \/>\n<meta property=\"og:type\" content=\"article\" \/>\n<meta property=\"og:title\" content=\"Takuu -\" \/>\n<meta property=\"og:description\" content=\"Takuu Hakali Pro -mailojen takuu ja palautusehdot Hakali Pro -mailoilla on 14 vuorokauden takuu ostop\u00e4iv\u00e4st\u00e4 alkaen. Takuutilanteet arvioimme aina tapauskohtaisesti yhdess\u00e4 tehtaan kanssa.L\u00e4ht\u00f6kohtaisesti korjaamme rikkoutuneen mailan. Mik\u00e4li mailaa ei voida korjata k\u00e4ytt\u00f6kelpoiseksi, toimitamme asiakkaalle uuden mailan. Jos samaa mallia ei ole varastossa, tarjoamme vastaavan tilalle tai palautamme maksun.Asiakas vastaa mahdollisista postikuluista takuun k\u00e4sittelyss\u00e4. Maila voidaan [&hellip;]\" \/>\n<meta property=\"og:url\" content=\"https:\/\/hakali.fi\/en\/takuu\/\" \/>\n<meta property=\"article:publisher\" content=\"https:\/\/www.facebook.com\/profile.php?id=61576776578897\" \/>\n<meta property=\"article:modified_time\" content=\"2025-09-20T04:14:39+00:00\" \/>\n<meta name=\"twitter:card\" content=\"summary_large_image\" \/>\n<meta name=\"twitter:label1\" content=\"Est. reading time\" \/>\n\t<meta name=\"twitter:data1\" content=\"1 minute\" \/>\n<script type=\"application\/ld+json\" class=\"yoast-schema-graph\">{\"@context\":\"https:\\\/\\\/schema.org\",\"@graph\":[{\"@type\":\"WebPage\",\"@id\":\"https:\\\/\\\/hakali.fi\\\/takuu\\\/\",\"url\":\"https:\\\/\\\/hakali.fi\\\/takuu\\\/\",\"name\":\"Takuu -\",\"isPartOf\":{\"@id\":\"https:\\\/\\\/hakali.fi\\\/#website\"},\"datePublished\":\"2025-07-07T07:59:41+00:00\",\"dateModified\":\"2025-09-20T04:14:39+00:00\",\"breadcrumb\":{\"@id\":\"https:\\\/\\\/hakali.fi\\\/takuu\\\/#breadcrumb\"},\"inLanguage\":\"en-US\",\"potentialAction\":[{\"@type\":\"ReadAction\",\"target\":[\"https:\\\/\\\/hakali.fi\\\/takuu\\\/\"]}]},{\"@type\":\"BreadcrumbList\",\"@id\":\"https:\\\/\\\/hakali.fi\\\/takuu\\\/#breadcrumb\",\"itemListElement\":[{\"@type\":\"ListItem\",\"position\":1,\"name\":\"Etusivu\",\"item\":\"https:\\\/\\\/hakali.fi\\\/\"},{\"@type\":\"ListItem\",\"position\":2,\"name\":\"Takuu\"}]},{\"@type\":\"WebSite\",\"@id\":\"https:\\\/\\\/hakali.fi\\\/#website\",\"url\":\"https:\\\/\\\/hakali.fi\\\/\",\"name\":\"Hakali Pro\",\"description\":\"Professional hockey sticks by Hakali\",\"publisher\":{\"@id\":\"https:\\\/\\\/hakali.fi\\\/#organization\"},\"potentialAction\":[{\"@type\":\"SearchAction\",\"target\":{\"@type\":\"EntryPoint\",\"urlTemplate\":\"https:\\\/\\\/hakali.fi\\\/?s={search_term_string}\"},\"query-input\":{\"@type\":\"PropertyValueSpecification\",\"valueRequired\":true,\"valueName\":\"search_term_string\"}}],\"inLanguage\":\"en-US\"},{\"@type\":\"Organization\",\"@id\":\"https:\\\/\\\/hakali.fi\\\/#organization\",\"name\":\"Hakali Pro\",\"url\":\"https:\\\/\\\/hakali.fi\\\/\",\"logo\":{\"@type\":\"ImageObject\",\"inLanguage\":\"en-US\",\"@id\":\"https:\\\/\\\/hakali.fi\\\/#\\\/schema\\\/logo\\\/image\\\/\",\"url\":\"https:\\\/\\\/hakali.fi\\\/wp-content\\\/uploads\\\/2025\\\/05\\\/cropped-HAKALI_1_ylla-uusi-punane_-1-1.webp\",\"contentUrl\":\"https:\\\/\\\/hakali.fi\\\/wp-content\\\/uploads\\\/2025\\\/05\\\/cropped-HAKALI_1_ylla-uusi-punane_-1-1.webp\",\"width\":2372,\"height\":391,\"caption\":\"Hakali Pro\"},\"image\":{\"@id\":\"https:\\\/\\\/hakali.fi\\\/#\\\/schema\\\/logo\\\/image\\\/\"},\"sameAs\":[\"https:\\\/\\\/www.facebook.com\\\/profile.php?id=61576776578897\"]}]}<\/script>\n<!-- \/ Yoast SEO plugin. -->","yoast_head_json":{"title":"Takuu -","robots":{"index":"index","follow":"follow","max-snippet":"max-snippet:-1","max-image-preview":"max-image-preview:large","max-video-preview":"max-video-preview:-1"},"canonical":"https:\/\/hakali.fi\/en\/takuu\/","og_locale":"en_US","og_type":"article","og_title":"Takuu -","og_description":"Takuu Hakali Pro -mailojen takuu ja palautusehdot Hakali Pro -mailoilla on 14 vuorokauden takuu ostop\u00e4iv\u00e4st\u00e4 alkaen. Takuutilanteet arvioimme aina tapauskohtaisesti yhdess\u00e4 tehtaan kanssa.L\u00e4ht\u00f6kohtaisesti korjaamme rikkoutuneen mailan. Mik\u00e4li mailaa ei voida korjata k\u00e4ytt\u00f6kelpoiseksi, toimitamme asiakkaalle uuden mailan. Jos samaa mallia ei ole varastossa, tarjoamme vastaavan tilalle tai palautamme maksun.Asiakas vastaa mahdollisista postikuluista takuun k\u00e4sittelyss\u00e4. Maila voidaan [&hellip;]","og_url":"https:\/\/hakali.fi\/en\/takuu\/","article_publisher":"https:\/\/www.facebook.com\/profile.php?id=61576776578897","article_modified_time":"2025-09-20T04:14:39+00:00","twitter_card":"summary_large_image","twitter_misc":{"Est. reading time":"1 minute"},"schema":{"@context":"https:\/\/schema.org","@graph":[{"@type":"WebPage","@id":"https:\/\/hakali.fi\/takuu\/","url":"https:\/\/hakali.fi\/takuu\/","name":"Takuu -","isPartOf":{"@id":"https:\/\/hakali.fi\/#website"},"datePublished":"2025-07-07T07:59:41+00:00","dateModified":"2025-09-20T04:14:39+00:00","breadcrumb":{"@id":"https:\/\/hakali.fi\/takuu\/#breadcrumb"},"inLanguage":"en-US","potentialAction":[{"@type":"ReadAction","target":["https:\/\/hakali.fi\/takuu\/"]}]},{"@type":"BreadcrumbList","@id":"https:\/\/hakali.fi\/takuu\/#breadcrumb","itemListElement":[{"@type":"ListItem","position":1,"name":"Etusivu","item":"https:\/\/hakali.fi\/"},{"@type":"ListItem","position":2,"name":"Takuu"}]},{"@type":"WebSite","@id":"https:\/\/hakali.fi\/#website","url":"https:\/\/hakali.fi\/","name":"Hakali Pro","description":"Professional hockey sticks by Hakali","publisher":{"@id":"https:\/\/hakali.fi\/#organization"},"potentialAction":[{"@type":"SearchAction","target":{"@type":"EntryPoint","urlTemplate":"https:\/\/hakali.fi\/?s={search_term_string}"},"query-input":{"@type":"PropertyValueSpecification","valueRequired":true,"valueName":"search_term_string"}}],"inLanguage":"en-US"},{"@type":"Organization","@id":"https:\/\/hakali.fi\/#organization","name":"Hakali Pro","url":"https:\/\/hakali.fi\/","logo":{"@type":"ImageObject","inLanguage":"en-US","@id":"https:\/\/hakali.fi\/#\/schema\/logo\/image\/","url":"https:\/\/hakali.fi\/wp-content\/uploads\/2025\/05\/cropped-HAKALI_1_ylla-uusi-punane_-1-1.webp","contentUrl":"https:\/\/hakali.fi\/wp-content\/uploads\/2025\/05\/cropped-HAKALI_1_ylla-uusi-punane_-1-1.webp","width":2372,"height":391,"caption":"Hakali Pro"},"image":{"@id":"https:\/\/hakali.fi\/#\/schema\/logo\/image\/"},"sameAs":["https:\/\/www.facebook.com\/profile.php?id=61576776578897"]}]}},"_links":{"self":[{"href":"https:\/\/hakali.fi\/en\/wp-json\/wp\/v2\/pages\/688","targetHints":{"allow":["GET"]}}],"collection":[{"href":"https:\/\/hakali.fi\/en\/wp-json\/wp\/v2\/pages"}],"about":[{"href":"https:\/\/hakali.fi\/en\/wp-json\/wp\/v2\/types\/page"}],"author":[{"embeddable":true,"href":"https:\/\/hakali.fi\/en\/wp-json\/wp\/v2\/users\/5"}],"replies":[{"embeddable":true,"href":"https:\/\/hakali.fi\/en\/wp-json\/wp\/v2\/comments?post=688"}],"version-history":[{"count":4,"href":"https:\/\/hakali.fi\/en\/wp-json\/wp\/v2\/pages\/688\/revisions"}],"predecessor-version":[{"id":2576,"href":"https:\/\/hakali.fi\/en\/wp-json\/wp\/v2\/pages\/688\/revisions\/2576"}],"wp:attachment":[{"href":"https:\/\/hakali.fi\/en\/wp-json\/wp\/v2\/media?parent=688"}],"curies":[{"name":"wp","href":"https:\/\/api.w.org\/{rel}","templated":true}]}}