{"id":509,"date":"2025-06-23T07:48:41","date_gmt":"2025-06-23T07:48:41","guid":{"rendered":"https:\/\/hakali.fi\/?post_type=product&#038;p=509"},"modified":"2025-12-31T08:42:47","modified_gmt":"2025-12-31T08:42:47","slug":"hakali-pro-sr375","status":"publish","type":"product","link":"https:\/\/hakali.fi\/en\/product\/hakali-pro-sr375\/","title":{"rendered":"Hakali Pro Sr375"},"content":{"rendered":"<p>Markkinoiden edullisin pro j\u00e4\u00e4kiekkomaila.<\/p>\n<p>Vain 375g painava huippulaatuinen hiilikuituinen j\u00e4\u00e4kiekkomaila erikseen valittavalla varsi-, ja lapamallilla sek\u00e4 kahdella eri kick-pointilla.<\/p>","protected":false},"excerpt":{"rendered":"<p>Hakali Senior 375g<\/p>","protected":false},"featured_media":646,"template":"","meta":{"site-sidebar-layout":"default","site-content-layout":"","ast-site-content-layout":"default","site-content-style":"default","site-sidebar-style":"default","ast-global-header-display":"","ast-banner-title-visibility":"","ast-main-header-display":"","ast-hfb-above-header-display":"","ast-hfb-below-header-display":"","ast-hfb-mobile-header-display":"","site-post-title":"","ast-breadcrumbs-content":"","ast-featured-img":"","footer-sml-layout":"","ast-disable-related-posts":"","theme-transparent-header-meta":"default","adv-header-id-meta":"","stick-header-meta":"","header-above-stick-meta":"","header-main-stick-meta":"","header-below-stick-meta":"","astra-migrate-meta-layouts":"set","ast-page-background-enabled":"default","ast-page-background-meta":{"desktop":{"background-color":"var(--ast-global-color-4)","background-image":"","background-repeat":"repeat","background-position":"center center","background-size":"auto","background-attachment":"scroll","background-type":"","background-media":"","overlay-type":"","overlay-color":"","overlay-opacity":"","overlay-gradient":""},"tablet":{"background-color":"","background-image":"","background-repeat":"repeat","background-position":"center center","background-size":"auto","background-attachment":"scroll","background-type":"","background-media":"","overlay-type":"","overlay-color":"","overlay-opacity":"","overlay-gradient":""},"mobile":{"background-color":"","background-image":"","background-repeat":"repeat","background-position":"center center","background-size":"auto","background-attachment":"scroll","background-type":"","background-media":"","overlay-type":"","overlay-color":"","overlay-opacity":"","overlay-gradient":""}},"ast-content-background-meta":{"desktop":{"background-color":"var(--ast-global-color-5)","background-image":"","background-repeat":"repeat","background-position":"center center","background-size":"auto","background-attachment":"scroll","background-type":"","background-media":"","overlay-type":"","overlay-color":"","overlay-opacity":"","overlay-gradient":""},"tablet":{"background-color":"var(--ast-global-color-5)","background-image":"","background-repeat":"repeat","background-position":"center center","background-size":"auto","background-attachment":"scroll","background-type":"","background-media":"","overlay-type":"","overlay-color":"","overlay-opacity":"","overlay-gradient":""},"mobile":{"background-color":"var(--ast-global-color-5)","background-image":"","background-repeat":"repeat","background-position":"center center","background-size":"auto","background-attachment":"scroll","background-type":"","background-media":"","overlay-type":"","overlay-color":"","overlay-opacity":"","overlay-gradient":""}}},"product_brand":[],"product_cat":[34],"product_tag":[23,27,28,22,21,26,20],"class_list":{"0":"post-509","1":"product","2":"type-product","3":"status-publish","4":"has-post-thumbnail","6":"product_cat-senior","7":"product_tag-hakali","8":"product_tag-hakali-pro","9":"product_tag-hakali-sr375","10":"product_tag-hiilikuitumaila","11":"product_tag-jaakiekko","12":"product_tag-jaakiekko-maila","13":"product_tag-jaakiekkomaila","14":"desktop-align-left","15":"tablet-align-left","16":"mobile-align-left","18":"first","19":"instock","20":"taxable","21":"shipping-taxable","22":"purchasable","23":"product-type-variable"},"yoast_head":"<!-- This site is optimized with the Yoast SEO plugin v27.5 - https:\/\/yoast.com\/product\/yoast-seo-wordpress\/ -->\n<title>Hakali Pro Sr375 -<\/title>\n<meta name=\"description\" content=\"Hakali pro sr 375 -j\u00e4\u00e4kiekkomaila\" \/>\n<meta name=\"robots\" content=\"index, follow, max-snippet:-1, max-image-preview:large, max-video-preview:-1\" \/>\n<link rel=\"canonical\" href=\"https:\/\/hakali.fi\/en\/product\/hakali-pro-sr375\/\" \/>\n<meta property=\"og:locale\" content=\"en_US\" \/>\n<meta property=\"og:type\" content=\"article\" \/>\n<meta property=\"og:title\" content=\"Hakali Pro Sr375 -\" \/>\n<meta property=\"og:description\" content=\"Hakali pro sr 375 -j\u00e4\u00e4kiekkomaila\" \/>\n<meta property=\"og:url\" content=\"https:\/\/hakali.fi\/en\/product\/hakali-pro-sr375\/\" \/>\n<meta property=\"article:publisher\" content=\"https:\/\/www.facebook.com\/profile.php?id=61576776578897\" \/>\n<meta property=\"article:modified_time\" content=\"2025-12-31T08:42:47+00:00\" \/>\n<meta property=\"og:image\" content=\"https:\/\/hakali.fi\/wp-content\/uploads\/2025\/06\/DSC_2431.png\" \/>\n\t<meta property=\"og:image:width\" content=\"1333\" \/>\n\t<meta property=\"og:image:height\" content=\"2000\" \/>\n\t<meta property=\"og:image:type\" content=\"image\/png\" \/>\n<meta name=\"twitter:card\" content=\"summary_large_image\" \/>\n<meta name=\"twitter:label1\" content=\"Est. reading time\" \/>\n\t<meta name=\"twitter:data1\" content=\"1 minute\" \/>\n<script type=\"application\/ld+json\" class=\"yoast-schema-graph\">{\"@context\":\"https:\\\/\\\/schema.org\",\"@graph\":[{\"@type\":\"WebPage\",\"@id\":\"https:\\\/\\\/hakali.fi\\\/tuote\\\/hakali-pro-sr375\\\/\",\"url\":\"https:\\\/\\\/hakali.fi\\\/tuote\\\/hakali-pro-sr375\\\/\",\"name\":\"Hakali Pro Sr375 -\",\"isPartOf\":{\"@id\":\"https:\\\/\\\/hakali.fi\\\/#website\"},\"primaryImageOfPage\":{\"@id\":\"https:\\\/\\\/hakali.fi\\\/tuote\\\/hakali-pro-sr375\\\/#primaryimage\"},\"image\":{\"@id\":\"https:\\\/\\\/hakali.fi\\\/tuote\\\/hakali-pro-sr375\\\/#primaryimage\"},\"thumbnailUrl\":\"https:\\\/\\\/hakali.fi\\\/wp-content\\\/uploads\\\/2025\\\/06\\\/DSC_2431.png\",\"datePublished\":\"2025-06-23T07:48:41+00:00\",\"dateModified\":\"2025-12-31T08:42:47+00:00\",\"description\":\"Hakali pro sr 375 -j\u00e4\u00e4kiekkomaila\",\"breadcrumb\":{\"@id\":\"https:\\\/\\\/hakali.fi\\\/tuote\\\/hakali-pro-sr375\\\/#breadcrumb\"},\"inLanguage\":\"en-US\",\"potentialAction\":[{\"@type\":\"ReadAction\",\"target\":[\"https:\\\/\\\/hakali.fi\\\/tuote\\\/hakali-pro-sr375\\\/\"]}]},{\"@type\":\"ImageObject\",\"inLanguage\":\"en-US\",\"@id\":\"https:\\\/\\\/hakali.fi\\\/tuote\\\/hakali-pro-sr375\\\/#primaryimage\",\"url\":\"https:\\\/\\\/hakali.fi\\\/wp-content\\\/uploads\\\/2025\\\/06\\\/DSC_2431.png\",\"contentUrl\":\"https:\\\/\\\/hakali.fi\\\/wp-content\\\/uploads\\\/2025\\\/06\\\/DSC_2431.png\",\"width\":1333,\"height\":2000},{\"@type\":\"BreadcrumbList\",\"@id\":\"https:\\\/\\\/hakali.fi\\\/tuote\\\/hakali-pro-sr375\\\/#breadcrumb\",\"itemListElement\":[{\"@type\":\"ListItem\",\"position\":1,\"name\":\"Etusivu\",\"item\":\"https:\\\/\\\/hakali.fi\\\/\"},{\"@type\":\"ListItem\",\"position\":2,\"name\":\"Kauppa\",\"item\":\"https:\\\/\\\/hakali.fi\\\/kauppa\\\/\"},{\"@type\":\"ListItem\",\"position\":3,\"name\":\"Hakali Pro Sr375\"}]},{\"@type\":\"WebSite\",\"@id\":\"https:\\\/\\\/hakali.fi\\\/#website\",\"url\":\"https:\\\/\\\/hakali.fi\\\/\",\"name\":\"Hakali Pro\",\"description\":\"Professional hockey sticks by Hakali\",\"publisher\":{\"@id\":\"https:\\\/\\\/hakali.fi\\\/#organization\"},\"potentialAction\":[{\"@type\":\"SearchAction\",\"target\":{\"@type\":\"EntryPoint\",\"urlTemplate\":\"https:\\\/\\\/hakali.fi\\\/?s={search_term_string}\"},\"query-input\":{\"@type\":\"PropertyValueSpecification\",\"valueRequired\":true,\"valueName\":\"search_term_string\"}}],\"inLanguage\":\"en-US\"},{\"@type\":\"Organization\",\"@id\":\"https:\\\/\\\/hakali.fi\\\/#organization\",\"name\":\"Hakali Pro\",\"url\":\"https:\\\/\\\/hakali.fi\\\/\",\"logo\":{\"@type\":\"ImageObject\",\"inLanguage\":\"en-US\",\"@id\":\"https:\\\/\\\/hakali.fi\\\/#\\\/schema\\\/logo\\\/image\\\/\",\"url\":\"https:\\\/\\\/hakali.fi\\\/wp-content\\\/uploads\\\/2025\\\/05\\\/cropped-HAKALI_1_ylla-uusi-punane_-1-1.webp\",\"contentUrl\":\"https:\\\/\\\/hakali.fi\\\/wp-content\\\/uploads\\\/2025\\\/05\\\/cropped-HAKALI_1_ylla-uusi-punane_-1-1.webp\",\"width\":2372,\"height\":391,\"caption\":\"Hakali Pro\"},\"image\":{\"@id\":\"https:\\\/\\\/hakali.fi\\\/#\\\/schema\\\/logo\\\/image\\\/\"},\"sameAs\":[\"https:\\\/\\\/www.facebook.com\\\/profile.php?id=61576776578897\"]}]}<\/script>\n<!-- \/ Yoast SEO plugin. -->","yoast_head_json":{"title":"Hakali Pro Sr375 -","description":"Hakali pro sr 375 -j\u00e4\u00e4kiekkomaila","robots":{"index":"index","follow":"follow","max-snippet":"max-snippet:-1","max-image-preview":"max-image-preview:large","max-video-preview":"max-video-preview:-1"},"canonical":"https:\/\/hakali.fi\/en\/product\/hakali-pro-sr375\/","og_locale":"en_US","og_type":"article","og_title":"Hakali Pro Sr375 -","og_description":"Hakali pro sr 375 -j\u00e4\u00e4kiekkomaila","og_url":"https:\/\/hakali.fi\/en\/product\/hakali-pro-sr375\/","article_publisher":"https:\/\/www.facebook.com\/profile.php?id=61576776578897","article_modified_time":"2025-12-31T08:42:47+00:00","og_image":[{"width":1333,"height":2000,"url":"https:\/\/hakali.fi\/wp-content\/uploads\/2025\/06\/DSC_2431.png","type":"image\/png"}],"twitter_card":"summary_large_image","twitter_misc":{"Est. reading time":"1 minute"},"schema":{"@context":"https:\/\/schema.org","@graph":[{"@type":"WebPage","@id":"https:\/\/hakali.fi\/tuote\/hakali-pro-sr375\/","url":"https:\/\/hakali.fi\/tuote\/hakali-pro-sr375\/","name":"Hakali Pro Sr375 -","isPartOf":{"@id":"https:\/\/hakali.fi\/#website"},"primaryImageOfPage":{"@id":"https:\/\/hakali.fi\/tuote\/hakali-pro-sr375\/#primaryimage"},"image":{"@id":"https:\/\/hakali.fi\/tuote\/hakali-pro-sr375\/#primaryimage"},"thumbnailUrl":"https:\/\/hakali.fi\/wp-content\/uploads\/2025\/06\/DSC_2431.png","datePublished":"2025-06-23T07:48:41+00:00","dateModified":"2025-12-31T08:42:47+00:00","description":"Hakali pro sr 375 -j\u00e4\u00e4kiekkomaila","breadcrumb":{"@id":"https:\/\/hakali.fi\/tuote\/hakali-pro-sr375\/#breadcrumb"},"inLanguage":"en-US","potentialAction":[{"@type":"ReadAction","target":["https:\/\/hakali.fi\/tuote\/hakali-pro-sr375\/"]}]},{"@type":"ImageObject","inLanguage":"en-US","@id":"https:\/\/hakali.fi\/tuote\/hakali-pro-sr375\/#primaryimage","url":"https:\/\/hakali.fi\/wp-content\/uploads\/2025\/06\/DSC_2431.png","contentUrl":"https:\/\/hakali.fi\/wp-content\/uploads\/2025\/06\/DSC_2431.png","width":1333,"height":2000},{"@type":"BreadcrumbList","@id":"https:\/\/hakali.fi\/tuote\/hakali-pro-sr375\/#breadcrumb","itemListElement":[{"@type":"ListItem","position":1,"name":"Etusivu","item":"https:\/\/hakali.fi\/"},{"@type":"ListItem","position":2,"name":"Kauppa","item":"https:\/\/hakali.fi\/kauppa\/"},{"@type":"ListItem","position":3,"name":"Hakali Pro Sr375"}]},{"@type":"WebSite","@id":"https:\/\/hakali.fi\/#website","url":"https:\/\/hakali.fi\/","name":"Hakali Pro","description":"Professional hockey sticks by Hakali","publisher":{"@id":"https:\/\/hakali.fi\/#organization"},"potentialAction":[{"@type":"SearchAction","target":{"@type":"EntryPoint","urlTemplate":"https:\/\/hakali.fi\/?s={search_term_string}"},"query-input":{"@type":"PropertyValueSpecification","valueRequired":true,"valueName":"search_term_string"}}],"inLanguage":"en-US"},{"@type":"Organization","@id":"https:\/\/hakali.fi\/#organization","name":"Hakali Pro","url":"https:\/\/hakali.fi\/","logo":{"@type":"ImageObject","inLanguage":"en-US","@id":"https:\/\/hakali.fi\/#\/schema\/logo\/image\/","url":"https:\/\/hakali.fi\/wp-content\/uploads\/2025\/05\/cropped-HAKALI_1_ylla-uusi-punane_-1-1.webp","contentUrl":"https:\/\/hakali.fi\/wp-content\/uploads\/2025\/05\/cropped-HAKALI_1_ylla-uusi-punane_-1-1.webp","width":2372,"height":391,"caption":"Hakali Pro"},"image":{"@id":"https:\/\/hakali.fi\/#\/schema\/logo\/image\/"},"sameAs":["https:\/\/www.facebook.com\/profile.php?id=61576776578897"]}]}},"_links":{"self":[{"href":"https:\/\/hakali.fi\/en\/wp-json\/wp\/v2\/product\/509","targetHints":{"allow":["GET"]}}],"collection":[{"href":"https:\/\/hakali.fi\/en\/wp-json\/wp\/v2\/product"}],"about":[{"href":"https:\/\/hakali.fi\/en\/wp-json\/wp\/v2\/types\/product"}],"wp:featuredmedia":[{"embeddable":true,"href":"https:\/\/hakali.fi\/en\/wp-json\/wp\/v2\/media\/646"}],"wp:attachment":[{"href":"https:\/\/hakali.fi\/en\/wp-json\/wp\/v2\/media?parent=509"}],"wp:term":[{"taxonomy":"product_brand","embeddable":true,"href":"https:\/\/hakali.fi\/en\/wp-json\/wp\/v2\/product_brand?post=509"},{"taxonomy":"product_cat","embeddable":true,"href":"https:\/\/hakali.fi\/en\/wp-json\/wp\/v2\/product_cat?post=509"},{"taxonomy":"product_tag","embeddable":true,"href":"https:\/\/hakali.fi\/en\/wp-json\/wp\/v2\/product_tag?post=509"}],"curies":[{"name":"wp","href":"https:\/\/api.w.org\/{rel}","templated":true}]}}